{"id":672,"date":"2020-02-02T15:41:30","date_gmt":"2020-02-02T15:41:30","guid":{"rendered":"http:\/\/luislevylima.com\/?page_id=672"},"modified":"2020-03-05T18:55:08","modified_gmt":"2020-03-05T18:55:08","slug":"collections","status":"publish","type":"page","link":"https:\/\/luislevylima.com\/pt\/collections\/","title":{"rendered":"COLEC\u00c7\u00d5ES"},"content":{"rendered":"<div  data-mk-stretch-content=\"true\" class=\"wpb_row vc_row vc_row-fluid jupiter-donut- mk-fullwidth-false  attched-false     js-master-row  mk-grid\">\n\t\t\t\t\n<div class=\"vc_col-sm-4 wpb_column column_container  jupiter-donut- _ jupiter-donut-height-full\">\n\t<div  class=\"mk-image mk-image-2 jupiter-donut-  align-center simple-frame outside-image\" style=\"margin-bottom:10px\"><div class=\"mk-image-container\" style=\"max-width: 960px;\"><div  class=\"mk-image-holder\" style=\"max-width: 960px;\"><div class=\"mk-image-inner\"><a href=\"http:\/\/luislevylima.com\/pt\/cape-verdean-musicians-collection\/\" target=\"_self\" class=\"mk-image-link\"><img loading=\"lazy\" decoding=\"async\" class=\"lightbox-false\" alt=\"pestana1coleccao\" title=\"pestana1coleccao\" width=\"960\" height=\"765\" src=\"http:\/\/luislevylima.com\/wp-content\/uploads\/2020\/02\/pestana1coleccao-1.jpg\" \/><\/a><\/div><div class=\"mk-image-caption\"><span class=\"mk-caption-title\">COLEC\u00c7\u00c3O M\u00daSICOS DE CABO VERDE<\/span><\/div><\/div><div class=\"clearboth\"><\/div><\/div><\/div><\/div>\n\n<div class=\"vc_col-sm-4 wpb_column column_container  jupiter-donut- _ jupiter-donut-height-full\">\n\t<div  class=\"mk-image mk-image-4 jupiter-donut-  align-center simple-frame outside-image\" style=\"margin-bottom:10px\"><div class=\"mk-image-container\" style=\"max-width: 750px;\"><div  class=\"mk-image-holder\" style=\"max-width: 750px;\"><div class=\"mk-image-inner\"><a href=\"http:\/\/luislevylima.com\/pt\/chinese-opera\/\" target=\"_self\" class=\"mk-image-link\"><img loading=\"lazy\" decoding=\"async\" class=\"lightbox-false\" alt=\"opera\" title=\"opera\" width=\"750\" height=\"750\" src=\"http:\/\/luislevylima.com\/wp-content\/uploads\/2020\/02\/opera.jpg\" \/><\/a><\/div><div class=\"mk-image-caption\"><span class=\"mk-caption-title\">\u00d3PERA CHINESA<\/span><\/div><\/div><div class=\"clearboth\"><\/div><\/div><\/div><\/div>\n\n<div class=\"vc_col-sm-4 wpb_column column_container  jupiter-donut- _ jupiter-donut-height-full\">\n\t<\/div>\n\t<\/div>","protected":false},"excerpt":{"rendered":"Cape Verdean Musicians Collection Chinese Opera","protected":false},"author":1,"featured_media":0,"parent":0,"menu_order":0,"comment_status":"closed","ping_status":"closed","template":"","meta":{"footnotes":""},"categories":[],"tags":[],"class_list":["post-672","page","type-page","status-publish","hentry"],"_links":{"self":[{"href":"https:\/\/luislevylima.com\/pt\/wp-json\/wp\/v2\/pages\/672","targetHints":{"allow":["GET"]}}],"collection":[{"href":"https:\/\/luislevylima.com\/pt\/wp-json\/wp\/v2\/pages"}],"about":[{"href":"https:\/\/luislevylima.com\/pt\/wp-json\/wp\/v2\/types\/page"}],"author":[{"embeddable":true,"href":"https:\/\/luislevylima.com\/pt\/wp-json\/wp\/v2\/users\/1"}],"replies":[{"embeddable":true,"href":"https:\/\/luislevylima.com\/pt\/wp-json\/wp\/v2\/comments?post=672"}],"version-history":[{"count":8,"href":"https:\/\/luislevylima.com\/pt\/wp-json\/wp\/v2\/pages\/672\/revisions"}],"predecessor-version":[{"id":2014,"href":"https:\/\/luislevylima.com\/pt\/wp-json\/wp\/v2\/pages\/672\/revisions\/2014"}],"wp:attachment":[{"href":"https:\/\/luislevylima.com\/pt\/wp-json\/wp\/v2\/media?parent=672"}],"wp:term":[{"taxonomy":"category","embeddable":true,"href":"https:\/\/luislevylima.com\/pt\/wp-json\/wp\/v2\/categories?post=672"},{"taxonomy":"post_tag","embeddable":true,"href":"https:\/\/luislevylima.com\/pt\/wp-json\/wp\/v2\/tags?post=672"}],"curies":[{"name":"wp","href":"https:\/\/api.w.org\/{rel}","templated":true}]}}